{"id":159,"date":"2024-06-19T09:34:10","date_gmt":"2024-06-19T09:34:10","guid":{"rendered":"https:\/\/rubenaradilla.com\/?post_type=product&#038;p=159"},"modified":"2025-11-24T15:31:33","modified_gmt":"2025-11-24T15:31:33","slug":"mujer-mirada","status":"publish","type":"product","link":"https:\/\/rubenaradilla.com\/index.php\/product\/mujer-mirada\/","title":{"rendered":"Frialdad"},"content":{"rendered":"","protected":false},"excerpt":{"rendered":"<p>&nbsp;<\/p>\n<p>En esta ocasi\u00f3n, RAS, expresa bajo la fr\u00eda rotura del cristal a la m\u00e1s delgaducha mujer con la mirada serena y el coraz\u00f3n de hielo.<\/p>\n<p>&nbsp;<\/p>\n<p>Medidas:\u00a0 \u00a0 \u00a0 \u00a0 \u00a0 &#8211; Ancho:\u00a0 \u00a050cm\u00a0 \u00a0 \u00a0 \u00a0 \u00a0 &#8211; Alto:\u00a0 \u00a085.5cm<\/p>\n","protected":false},"featured_media":160,"comment_status":"open","ping_status":"closed","template":"","meta":{"_et_pb_use_builder":"","_et_pb_old_content":"","_et_gb_content_width":""},"product_brand":[],"product_cat":[18],"product_tag":[],"class_list":{"0":"post-159","1":"product","2":"type-product","3":"status-publish","4":"has-post-thumbnail","6":"product_cat-galeria-ras","8":"first","9":"instock","10":"shipping-taxable","11":"purchasable","12":"product-type-simple"},"_links":{"self":[{"href":"https:\/\/rubenaradilla.com\/index.php\/wp-json\/wp\/v2\/product\/159","targetHints":{"allow":["GET"]}}],"collection":[{"href":"https:\/\/rubenaradilla.com\/index.php\/wp-json\/wp\/v2\/product"}],"about":[{"href":"https:\/\/rubenaradilla.com\/index.php\/wp-json\/wp\/v2\/types\/product"}],"replies":[{"embeddable":true,"href":"https:\/\/rubenaradilla.com\/index.php\/wp-json\/wp\/v2\/comments?post=159"}],"wp:featuredmedia":[{"embeddable":true,"href":"https:\/\/rubenaradilla.com\/index.php\/wp-json\/wp\/v2\/media\/160"}],"wp:attachment":[{"href":"https:\/\/rubenaradilla.com\/index.php\/wp-json\/wp\/v2\/media?parent=159"}],"wp:term":[{"taxonomy":"product_brand","embeddable":true,"href":"https:\/\/rubenaradilla.com\/index.php\/wp-json\/wp\/v2\/product_brand?post=159"},{"taxonomy":"product_cat","embeddable":true,"href":"https:\/\/rubenaradilla.com\/index.php\/wp-json\/wp\/v2\/product_cat?post=159"},{"taxonomy":"product_tag","embeddable":true,"href":"https:\/\/rubenaradilla.com\/index.php\/wp-json\/wp\/v2\/product_tag?post=159"}],"curies":[{"name":"wp","href":"https:\/\/api.w.org\/{rel}","templated":true}]}}